{"id":28,"date":"2023-08-11T08:54:21","date_gmt":"2023-08-11T06:54:21","guid":{"rendered":"https:\/\/saalto.fr\/nl\/?page_id=28"},"modified":"2023-08-28T14:21:00","modified_gmt":"2023-08-28T12:21:00","slug":"saalto","status":"publish","type":"page","link":"https:\/\/saalto.fr\/nl\/saalto\/","title":{"rendered":"SAALTO\u00ae"},"content":{"rendered":"\n<p>Historisch gezien werden paloxen aardappelen altijd met de hand gevolgd.<\/p>\n\n\n\n<p>Elke kist had zijn eigen etiket, meestal vastgeniet op de pallet, om de inhoud te identificeren. Een bord of vierkante vellen, vaak geplaatst bij de ingang van de opslagruimte, werden gebruikt om de aardappelvoorraad dagelijks te beheren.<\/p>\n\n\n\n<p>Maar de ontwikkeling van de aardappelteeltbedrijven, het groeiende aantal te beheren kisten, de eisen van de klant op het gebied van traceerbaarheid, de noodzaak voor de bedrijven om winstgevend te zijn en de komst van nieuwe technologie\u00ebn hebben geleid tot de opkomst van nieuwe oplossingen.<\/p>\n\n\n\n<p>Zo ontstond in 2018 SAALTO. SAALTO staat voor Syst\u00e8me Autonome et Automatique de Localisation et Tra\u00e7abilit\u00e9 d&rsquo;Objets (Autonoom en Automatisch Systeem voor het Lokaliseren en Traceren van Objecten).<\/p>\n\n\n\n<p>Samen met een aantal aardappeltelers ging het SAALTO-team op zoek naar eenvoudige, effectieve oplossingen voor het digitaliseren van de opslag van aardappelen in paloxen.<\/p>\n\n\n\n<p>De eerste SAALTO-oplossing werd in 2019 gelanceerd met een beperkte groep aardappeltelers, voornamelijk poot- en consumptieaardappeltelers, om de prototypes te testen en het algemene concept te valideren.<\/p>\n\n\n\n<p>Na deze eerste succesvolle tests is SAALTO van start gegaan en heeft het de Franse aardappeltelers veroverd. SAALTO is nu de Franse leider in oplossingen voor het beheer van aardappelopslag en is aanwezig op vele Franse boerderijen.<\/p>\n\n\n\n<div style=\"height:100px\" aria-hidden=\"true\" class=\"wp-block-spacer\"><\/div>\n\n\n\n<h2 class=\"wp-block-heading has-text-align-center has-text-color has-large-font-size\" style=\"color:#e6b122;text-decoration:underline\">Hoe werkt het SAALTO-systeem?<\/h2>\n\n\n\n<p class=\"has-text-align-center\">Het SAALTO-systeem bestaat uit een hardwarecomponent en een online platform.<\/p>\n\n\n\n<p class=\"has-text-align-center\">De hardware is voornamelijk gebaseerd op de unieke, <strong>gepatenteerde IdMatic-technologie:<\/strong><\/p>\n\n\n\n<div class=\"wp-block-cover alignfull\" style=\"min-height:198px\"><span aria-hidden=\"true\" class=\"wp-block-cover__background has-background-dim-100 has-background-dim\" style=\"background-color:#28274c\"><\/span><div class=\"wp-block-cover__inner-container is-layout-flow wp-block-cover-is-layout-flow\"><div class=\"wp-block-image\">\n<figure class=\"alignright size-large is-resized\"><img decoding=\"async\" loading=\"lazy\" src=\"http:\/\/saalto.fr\/wp-content\/uploads\/2023\/08\/TAGS-1024x577.jpg\" alt=\"\" class=\"wp-image-125\" style=\"width:321px;height:181px\" width=\"321\" height=\"181\"\/><\/figure><\/div>\n\n\n<ul>\n<li class=\"has-medium-font-size\" style=\"text-decoration:underline\"><strong>RFID-tags :<\/strong><\/li>\n<\/ul>\n\n\n\n<p>Elke kassa heeft zijn eigen RFID-tag. De tag is drievoudig ge\u00efdentificeerd, zodat gegevens in alle veiligheid kunnen worden gelezen en opgeslagen. Deze tags zijn bestand tegen stof en zonlicht en hebben een garantie van 20 jaar!<\/p>\n<\/div><\/div>\n\n\n\n<div class=\"wp-block-cover alignfull is-light\" style=\"min-height:305px\"><span aria-hidden=\"true\" class=\"wp-block-cover__background has-white-background-color has-background-dim-100 has-background-dim\"><\/span><div class=\"wp-block-cover__inner-container is-layout-flow wp-block-cover-is-layout-flow\"><div class=\"wp-block-image\">\n<figure class=\"alignleft size-large is-resized\"><img decoding=\"async\" loading=\"lazy\" src=\"http:\/\/saalto.fr\/wp-content\/uploads\/2023\/08\/Lecteur-1-1024x603.jpg\" alt=\"\" class=\"wp-image-128\" style=\"width:355px;height:208px\" width=\"355\" height=\"208\"\/><\/figure><\/div>\n\n\n<ul>\n<li class=\"has-medium-font-size\" style=\"text-decoration:underline\"><strong>Een SAALTO-speler :<\/strong><\/li>\n<\/ul>\n\n\n\n<p>Een SAALTO-lezer, uniek en volledig inbouwbaar, past tussen de vorken van vorkheftrucks. Deze SAALTO-lezer is een concentraat van technologie. Hij bestaat uit talloze sensoren die met elkaar verbonden zijn door krachtige algoritmen. Het resultaat is een automatische en onmiddellijke uitlezing van aardappelkisten.<\/p>\n<\/div><\/div>\n\n\n\n<div class=\"wp-block-cover alignfull\" style=\"min-height:344px\"><span aria-hidden=\"true\" class=\"wp-block-cover__background has-background-dim-100 has-background-dim\" style=\"background-color:#28274c\"><\/span><div class=\"wp-block-cover__inner-container is-layout-flow wp-block-cover-is-layout-flow\">\n<ul>\n<li class=\"has-medium-font-size\" style=\"text-decoration:underline\"><strong>Een SAALTO-cabinet:<\/strong><\/li>\n<\/ul>\n\n\n<div class=\"wp-block-image\">\n<figure class=\"alignright size-large is-resized\"><img decoding=\"async\" loading=\"lazy\" src=\"http:\/\/saalto.fr\/wp-content\/uploads\/2023\/08\/Plan-frigo-tablette-cariste-1024x532.jpg\" alt=\"\" class=\"wp-image-57\" style=\"width:385px;height:200px\" width=\"385\" height=\"200\"\/><\/figure><\/div>\n\n\n<p>Elke vorkheftruckchauffeur heeft zijn eigen SAALTO-tablet in de cabine van zijn vorkheftruck. Met deze digitale interface kunnen heftruckchauffeurs precies zien welke kratten er voor hen staan, de conditie van de koelkasten controleren, bepaalde handelingen valideren en nieuwe taken krijgen om uit te voeren.<\/p>\n\n\n\n<p>Dankzij de IdMatic-technologie kunnen vorkheftruckchauffeurs zich concentreren op hun kernactiviteit &#8211; het verwerken van pallets &#8211; zonder zich zorgen te hoeven maken over het invoeren van informatie in de SAALTO-oplossing. Het gaat allemaal automatisch!<\/p>\n\n\n\n<p>Hierdoor krijgen vorkheftruckchauffeurs meer verantwoordelijkheid en autonomie en kunnen ze hun taken beter plannen.<\/p>\n<\/div><\/div>\n\n\n\n<h2 class=\"wp-block-heading has-text-color has-large-font-size\" style=\"color:#e6b122\">Het online platform<\/h2>\n\n\n\n<p>Het SAALTO online beheerplatform voor aardappelopslag is toegankelijk op alle digitale media (pc, tablet en smartphone), overal ter wereld en op elk moment 24\/7.<\/p>\n\n\n<div class=\"wp-block-image\">\n<figure class=\"aligncenter size-large\"><img decoding=\"async\" src=\"http:\/\/saalto.fr\/wp-content\/uploads\/2023\/08\/Ordi-tablette-sans-fond-SITE-1024x583.png\" alt=\"\" class=\"wp-image-93\"\/><\/figure><\/div>\n\n\n<div class=\"wp-block-cover alignfull\"><span aria-hidden=\"true\" class=\"wp-block-cover__background has-background-dim-100 has-background-dim\" style=\"background-color:#28274c\"><\/span><div class=\"wp-block-cover__inner-container is-layout-flow wp-block-cover-is-layout-flow\"><div class=\"wp-block-image\">\n<figure class=\"alignright size-large is-resized\"><img decoding=\"async\" loading=\"lazy\" src=\"https:\/\/saalto.fr\/wp-content\/uploads\/2023\/08\/ECRAN-DOUBLE-CAISSE-1024x586.png\" alt=\"\" class=\"wp-image-144\" style=\"width:512px;height:293px\" width=\"512\" height=\"293\"\/><\/figure><\/div>\n\n\n<p class=\"has-white-color has-text-color\">De aardappelteler van vandaag moet snel reageren op de vraag van de klant. Hetzelfde geldt voor de opslag, die snel moet reageren op verschillende schommelingen. Daarom maakt het SAALTO-systeem het mogelijk om een groot volume aan kisten te beheren en nauwkeurige handelingen uit te voeren met behulp van gedigitaliseerde, gepersonaliseerde processen voor koelopslag. De heftruckchauffeur ontvangt alle nieuwe uit te voeren taken onmiddellijk op zijn SAALTO-tablet, voor een betere reactiesnelheid.<\/p>\n<\/div><\/div>\n\n\n\n<p>SAALTO-software helpt aardappeltelers bij het beheren en controleren van de dagelijkse activiteiten in bewaarplaatsen, van de aankomst van aardappelen tot het weghalen ervan. Het biedt real-time zichtbaarheid van alle koelcellen, zelfs als deze zich op verschillende geografische locaties bevinden.<\/p>\n\n\n\n<p>Naast voorraadbeheer biedt het SAALTO-systeem tools voor ordervoorbereiding en verpakkingsprocessen, gegevensverwerking, missieanalyse, enz.<\/p>\n\n\n\n<p>Het SAALTO online platform is een krachtig hulpmiddel voor het optimaliseren van het beheer van de aardappelbewaarkasten en voor het bewaken van de processen voor orderontvangst, voorraadbeheer, voorbereiding, verpakking en verzending. Alles wordt georganiseerd via \u00e9\u00e9n gebruiksvriendelijke interface. Deze interface maakt het ook mogelijk om gegevens en middelen te gebruiken en missies op meerdere criteria te analyseren. Het SAALTO-beheersysteem kan worden ge\u00efntegreerd met andere tools, zoals ERP of draagbare technologische objecten.<\/p>\n\n\n\n<div class=\"wp-block-cover alignfull is-light\" style=\"min-height:55px\"><span aria-hidden=\"true\" class=\"wp-block-cover__background has-background-dim-100 has-background-dim\" style=\"background-color:#e6b122\"><\/span><div class=\"wp-block-cover__inner-container is-layout-flow wp-block-cover-is-layout-flow\">\n<p class=\"has-text-align-center has-white-color has-text-color has-medium-font-size\" style=\"text-decoration:underline\"><strong>De voordelen van een digitaal aardappelopslagbeheersysteem :<\/strong><\/p>\n<\/div><\/div>\n\n\n\n<p>Een krachtig, digitaal opslagbeheersysteem is essentieel voor alle telers die aardappelopslag moeten beheren, omdat het geld bespaart en tegelijkertijd de effici\u00ebntie en productiviteit op veel gebieden verbetert. Hieronder staan de belangrijkste voordelen van het SAALTO systeem:<\/p>\n\n\n\n<ul>\n<li><a href=\"https:\/\/saalto.fr\/nl\/onze-oplossingen\/#Bespaar_tijd_bij_het_beheren_van_uw_opslag\" data-type=\"link\" data-id=\"https:\/\/saalto.fr\/nl\/onze-oplossingen\/#Bespaar_tijd_bij_het_beheren_van_uw_opslag\">Bespaar tijd bij het beheren van uw bewaarfaciliteiten<\/a><\/li>\n\n\n\n<li><a href=\"https:\/\/saalto.fr\/nl\/onze-oplossingen\/#Haal_het_beste_uit_uw_aardappelproductie\" data-type=\"link\" data-id=\"https:\/\/saalto.fr\/nl\/onze-oplossingen\/#Haal_het_beste_uit_uw_aardappelproductie\">Waarde toevoegen aan uw gehele aardappelproductie<\/a><\/li>\n\n\n\n<li><a href=\"https:\/\/saalto.fr\/nl\/onze-oplossingen\/#Beveilig_uw_traceerbaarheid\" data-type=\"link\" data-id=\"https:\/\/saalto.fr\/nl\/onze-oplossingen\/#Beveilig_uw_traceerbaarheid\">Beveilig uw traceerbaarheid<\/a><\/li>\n\n\n\n<li><a href=\"https:\/\/saalto.fr\/nl\/onze-oplossingen\/#Verbeter_uw_koolstofvoetafdruk\" data-type=\"link\" data-id=\"https:\/\/saalto.fr\/nl\/onze-oplossingen\/#Verbeter_uw_koolstofvoetafdruk\">Verbeter uw koolstofvoetafdruk<\/a><\/li>\n\n\n\n<li><a href=\"https:\/\/saalto.fr\/nl\/onze-oplossingen\/#Uw%20vorkheftruckchauffeurs_sterker_maken_en_loyaliteit_opbouwen\" data-type=\"link\" data-id=\"https:\/\/saalto.fr\/nl\/onze-oplossingen\/#Uw%20vorkheftruckchauffeurs_sterker_maken_en_loyaliteit_opbouwen\">Geef uw vorkheftruckchauffeurs meer mogelijkheden en bouw loyaliteit op<\/a><\/li>\n\n\n\n<li><a href=\"https:\/\/saalto.fr\/nl\/onze-oplossingen\/#Vereenvoudig_de_organisatie_van_uw_opslag\" data-type=\"link\" data-id=\"https:\/\/saalto.fr\/nl\/onze-oplossingen\/#Vereenvoudig_de_organisatie_van_uw_opslag\">Vereenvoudig uw opslagorganisatie<\/a><\/li>\n\n\n\n<li><a href=\"https:\/\/saalto.fr\/nl\/onze-oplossingen\/#Relaties_met_uw_klanten_verbeteren\" data-type=\"link\" data-id=\"https:\/\/saalto.fr\/nl\/onze-oplossingen\/#Relaties_met_uw_klanten_verbeteren\">Verbeter de relatie met uw klanten<\/a><\/li>\n<\/ul>\n\n\n\n<div class=\"wp-block-cover alignfull\" style=\"min-height:171px\"><span aria-hidden=\"true\" class=\"wp-block-cover__background has-background-dim-100 has-background-dim\" style=\"background-color:#28274c\"><\/span><div class=\"wp-block-cover__inner-container is-layout-flow wp-block-cover-is-layout-flow\">\n<p class=\"has-text-align-center has-white-color has-text-color has-medium-font-size\"><strong>Het SAALTO systeem is een echt digitaal hulpmiddel voor aardappel- en uientelers!<\/strong><\/p>\n<\/div><\/div>\n\n\n\n<div style=\"height:100px\" aria-hidden=\"true\" class=\"wp-block-spacer\"><\/div>\n\n\n\n<p class=\"has-text-align-center\">Download de bijgevoegde brochure <a href=\"http:\/\/saalto.fr\/nl\/brochure-downloaden\/\" data-type=\"link\" data-id=\"http:\/\/saalto.fr\/nl\/brochure-downloaden\/\">voor meer informatie!<\/a><\/p>\n\n\n\n<p class=\"has-text-align-center\">Heb je een vraag? Heb je een behoefte? <a href=\"https:\/\/saalto.fr\/nl\/contact\/\" data-type=\"URL\" data-id=\"https:\/\/saalto.fr\/nl\/contact\/\">CONTACT OPNEMEN!<\/a><\/p>\n","protected":false},"excerpt":{"rendered":"<p>Historisch gezien werden paloxen aardappelen altijd met de hand gevolgd. Elke kist had zijn eigen etiket, meestal vastgeniet op de pallet, om de inhoud te identificeren. Een bord of vierkante vellen, vaak geplaatst bij de ingang van de opslagruimte, werden gebruikt om de aardappelvoorraad dagelijks te beheren. Maar de ontwikkeling van de aardappelteeltbedrijven, het groeiende &hellip; <\/p>\n<p class=\"link-more\"><a href=\"https:\/\/saalto.fr\/nl\/saalto\/\" class=\"more-link\">Lire la suite de<span class=\"screen-reader-text\">\u00ab\u00a0SAALTO\u00ae\u00a0\u00bb<\/span><\/a><\/p>\n","protected":false},"author":1,"featured_media":0,"parent":0,"menu_order":0,"comment_status":"closed","ping_status":"closed","template":"","meta":{"footnotes":""},"_links":{"self":[{"href":"https:\/\/saalto.fr\/nl\/wp-json\/wp\/v2\/pages\/28"}],"collection":[{"href":"https:\/\/saalto.fr\/nl\/wp-json\/wp\/v2\/pages"}],"about":[{"href":"https:\/\/saalto.fr\/nl\/wp-json\/wp\/v2\/types\/page"}],"author":[{"embeddable":true,"href":"https:\/\/saalto.fr\/nl\/wp-json\/wp\/v2\/users\/1"}],"replies":[{"embeddable":true,"href":"https:\/\/saalto.fr\/nl\/wp-json\/wp\/v2\/comments?post=28"}],"version-history":[{"count":18,"href":"https:\/\/saalto.fr\/nl\/wp-json\/wp\/v2\/pages\/28\/revisions"}],"predecessor-version":[{"id":116,"href":"https:\/\/saalto.fr\/nl\/wp-json\/wp\/v2\/pages\/28\/revisions\/116"}],"wp:attachment":[{"href":"https:\/\/saalto.fr\/nl\/wp-json\/wp\/v2\/media?parent=28"}],"curies":[{"name":"wp","href":"https:\/\/api.w.org\/{rel}","templated":true}]}}