{"id":40,"date":"2023-08-16T09:35:56","date_gmt":"2023-08-16T07:35:56","guid":{"rendered":"https:\/\/saalto.fr\/de\/?page_id=40"},"modified":"2023-08-16T09:35:56","modified_gmt":"2023-08-16T07:35:56","slug":"rechtliche-hinweise","status":"publish","type":"page","link":"https:\/\/saalto.fr\/de\/rechtliche-hinweise\/","title":{"rendered":"RECHTLICHE HINWEISE"},"content":{"rendered":"\n<p>Herausgeber der Website ist ETS DUBRULLE , Das Unternehmen ist auf den T\u00e4tigkeitsbereich des Gro\u00dfhandels (B2B-Handel) mit verschiedenen Industrieg\u00fctern und -ausr\u00fcstungen spezialisiert.<\/p>\n\n\n\n<p>Der Leiter der Ver\u00f6ffentlichung ist :<br>Name: Herr Damien DUBRULLE.<\/p>\n\n\n\n<p>Anschrift: RD 916 \u00ab&nbsp;Le Petit Bruxelles&nbsp;\u00bb 59670 Sainte Marie Cappel<\/p>\n\n\n\n<p>Telefon: +33 (0)3 28 40 58 58.<\/p>\n\n\n\n<p>E-Mail: contact@downs-fr.com<\/p>\n\n\n\n<p>CREDITS<br>Gestaltung der Illustrationen und Erstellung der Fotografien: ETS DUBRULLE<\/p>\n\n\n\n<p>Grafische Gestaltung und Umsetzung der Website: ETS DUBRULLE<\/p>\n\n\n\n<p>Hosting: OVH<\/p>\n\n\n\n<p>Name des Hosters: OVH<\/p>\n\n\n\n<p>Adresse\/Telefon:<\/p>\n\n\n\n<p>Diese Website wurde mithilfe der open :<br>wordpress<\/p>\n\n\n\n<p>ANMELDUNG BEI DER CNIL<br>Gem\u00e4\u00df dem Gesetz 78-17 vom 6. Januar 1978 \u00fcber Informatik, Dateien und Freiheiten war diese Website Gegenstand einer vereinfachten Erkl\u00e4rung Nummer 48 bei der Commission Nationale de l\u2019Informatique et des Libert\u00e9s (CNIL) unter der Nummer {Nummer der CNIL}.<\/p>\n\n\n\n<p>Im Laufe Ihres Besuchs auf dieser Website k\u00f6nnen Sie aufgefordert werden, pers\u00f6nliche, namentliche Informationen \u00fcber Sie einzugeben (Name, Vorname, Telefonnummer, Adresse\u2026).<\/p>\n\n\n\n<p>Diese Informationen werden unter keinen Umst\u00e4nden kostenlos oder entgeltlich an dritte nat\u00fcrliche oder juristische Personen weitergegeben. Diese Informationen sind f\u00fcr die Bearbeitung Ihrer Bestellung erforderlich, die andernfalls nicht ausgef\u00fchrt werden kann; sie erm\u00f6glichen es uns au\u00dferdem, Sie besser kennen zu lernen und Ihren Bed\u00fcrfnissen besser gerecht zu werden.<\/p>\n\n\n\n<p>Sie werden au\u00dferdem dar\u00fcber informiert, dass Sie das Recht haben, auf die Sie betreffenden Daten zuzugreifen, sie zu \u00e4ndern, zu berichtigen und zu l\u00f6schen. Um dieses Recht auszu\u00fcben, gen\u00fcgt es, uns unter den folgenden Adressen zu kontaktieren: Herr Damien DUBRULLE \u2013 ETS DUBRULLE \u2013 RD 916 \u00ab&nbsp;Le Petit Bruxelles&nbsp;\u00bb \u2013 59670 Sainte Marie Cappel oder per E-Mail an contact@downs-fr.com.<\/p>\n","protected":false},"excerpt":{"rendered":"<p>Herausgeber der Website ist ETS DUBRULLE , Das Unternehmen ist auf den T\u00e4tigkeitsbereich des Gro\u00dfhandels (B2B-Handel) mit verschiedenen Industrieg\u00fctern und -ausr\u00fcstungen spezialisiert. Der Leiter der Ver\u00f6ffentlichung ist :Name: Herr Damien DUBRULLE. Anschrift: RD 916 \u00ab&nbsp;Le Petit Bruxelles&nbsp;\u00bb 59670 Sainte Marie Cappel Telefon: +33 (0)3 28 40 58 58. E-Mail: contact@downs-fr.com CREDITSGestaltung der Illustrationen und Erstellung &hellip; <\/p>\n<p class=\"link-more\"><a href=\"https:\/\/saalto.fr\/de\/rechtliche-hinweise\/\" class=\"more-link\">Lire la suite de<span class=\"screen-reader-text\">\u00ab\u00a0RECHTLICHE HINWEISE\u00a0\u00bb<\/span><\/a><\/p>\n","protected":false},"author":1,"featured_media":0,"parent":0,"menu_order":0,"comment_status":"closed","ping_status":"closed","template":"","meta":{"footnotes":""},"_links":{"self":[{"href":"https:\/\/saalto.fr\/de\/wp-json\/wp\/v2\/pages\/40"}],"collection":[{"href":"https:\/\/saalto.fr\/de\/wp-json\/wp\/v2\/pages"}],"about":[{"href":"https:\/\/saalto.fr\/de\/wp-json\/wp\/v2\/types\/page"}],"author":[{"embeddable":true,"href":"https:\/\/saalto.fr\/de\/wp-json\/wp\/v2\/users\/1"}],"replies":[{"embeddable":true,"href":"https:\/\/saalto.fr\/de\/wp-json\/wp\/v2\/comments?post=40"}],"version-history":[{"count":1,"href":"https:\/\/saalto.fr\/de\/wp-json\/wp\/v2\/pages\/40\/revisions"}],"predecessor-version":[{"id":41,"href":"https:\/\/saalto.fr\/de\/wp-json\/wp\/v2\/pages\/40\/revisions\/41"}],"wp:attachment":[{"href":"https:\/\/saalto.fr\/de\/wp-json\/wp\/v2\/media?parent=40"}],"curies":[{"name":"wp","href":"https:\/\/api.w.org\/{rel}","templated":true}]}}