{"id":33,"date":"2023-08-16T09:18:24","date_gmt":"2023-08-16T07:18:24","guid":{"rendered":"https:\/\/saalto.fr\/de\/?page_id=33"},"modified":"2023-08-18T16:33:07","modified_gmt":"2023-08-18T14:33:07","slug":"dienste","status":"publish","type":"page","link":"https:\/\/saalto.fr\/de\/dienste\/","title":{"rendered":"Dienste"},"content":{"rendered":"\n<p><\/p>\n\n\n\n<h2 class=\"wp-block-heading has-text-color\" id=\"Technischer_Support_Online\" style=\"color:#e6b122\">Technischer Support Online<\/h2>\n\n\n\n<p>Wir bei SAALTO wissen, wie wichtig eine leistungsf\u00e4hige technische Betreuung in Ihrem Alltag ist &#8211; und zwar das ganze Jahr \u00fcber.<\/p>\n\n\n\n<p>Aus diesem Grund haben wir ein Team von technischen Experten, das sich speziell mit dem SAALTO-System befasst. Unser Team ist in der Lage, alle Ihre Fragen online zu beantworten und Sie bei der optimalen Inbetriebnahme Ihrer L\u00f6sung f\u00fcr die automatische Verwaltung der Kartoffelkisten zu begleiten.<\/p>\n\n\n\n<p>Bei SAALTO steht die Zufriedenheit unserer Kunden an erster Stelle.<\/p>\n\n\n\n<p>Z\u00f6gern Sie nicht, uns noch heute zu kontaktieren, um von unserem technischen Online-Support zu profitieren!<\/p>\n\n\n\n<div style=\"height:100px\" aria-hidden=\"true\" class=\"wp-block-spacer\"><\/div>\n\n\n\n<h2 class=\"wp-block-heading has-text-color\" id=\"Technischer_Support_vor_Ort\" style=\"color:#e6b122\">Technischer Support vor Ort<\/h2>\n\n\n<div class=\"wp-block-image\">\n<figure class=\"alignright size-full is-resized\"><img decoding=\"async\" loading=\"lazy\" src=\"https:\/\/saalto.fr\/de\/wp-content\/uploads\/sites\/5\/2023\/08\/saalto1.jpg\" alt=\"\" class=\"wp-image-108\" style=\"width:384px;height:437px\" width=\"384\" height=\"437\" srcset=\"https:\/\/saalto.fr\/de\/wp-content\/uploads\/sites\/5\/2023\/08\/saalto1.jpg 737w, https:\/\/saalto.fr\/de\/wp-content\/uploads\/sites\/5\/2023\/08\/saalto1-264x300.jpg 264w\" sizes=\"(max-width: 384px) 100vw, 384px\" \/><\/figure><\/div>\n\n\n<p>Als Kartoffelspezialist kennen wir Ihre Probleme und Bed\u00fcrfnisse. Deshalb kann Ihnen unser Team von technischen SAALTO-Experten neben dem Online-Support auch pers\u00f6nliche technische Unterst\u00fctzung vor Ort bieten.<\/p>\n\n\n\n<p>Wir wissen, dass manche technischen Probleme besondere Aufmerksamkeit und physische Intervention erfordern. Deshalb kommt unser Expertenteam zu Ihnen, um L\u00f6sungen anzubieten und Ihre Ger\u00e4te zu warten.<\/p>\n\n\n\n<p>Der SAALTO-Service erm\u00f6glicht eine Begutachtung bei Ihnen zu Hause, eine genaue Diagnose, eine schnelle L\u00f6sung, eine vorbeugende Wartung; ein professioneller Service. SAALTO ist sich der Herausforderungen bewusst, die Ihre Kartoffelproduktion f\u00fcr Sie darstellt. Aus diesem Grund legt SAALTO gro\u00dfen Wert auf einen Kundenservice, der es Ihnen erm\u00f6glicht, in aller Ruhe zu arbeiten! Unser technischer Support vor Ort zielt darauf ab, Ihnen eine st\u00e4ndige Verf\u00fcgbarkeit Ihres Systems zur Verwaltung der Kartoffelpaloxen zu bieten.<\/p>\n\n\n\n<div style=\"height:100px\" aria-hidden=\"true\" class=\"wp-block-spacer\"><\/div>\n\n\n\n<h2 class=\"wp-block-heading has-text-color\" id=\"T\u00e4gliches_Reporting\" style=\"color:#e6b122\">T\u00e4gliches Reporting<\/h2>\n\n\n\n<p>Rodungsperiode, Versand, Bereinigung von Pflanzkartoffeln\u2026 der Alltag des Kartoffelbauern ist manchmal sehr hektisch. Um in diesen intensiven Zeiten wertvolle Zeit zu sparen, verschickt das SAALTO-Team t\u00e4glich per E-Mail einen \u00dcberblick \u00fcber die Kartoffelbest\u00e4nde und den neuesten Plan der K\u00fchlschr\u00e4nke.<\/p>\n\n\n\n<p>So hat der Kartoffelbauer auch in intensiven Zeiten einen sofortigen und visuellen Zugriff auf seine Kartoffelbest\u00e4nde.<\/p>\n\n\n\n<div style=\"height:100px\" aria-hidden=\"true\" class=\"wp-block-spacer\"><\/div>\n\n\n\n<h2 class=\"wp-block-heading has-text-color\" id=\"Eine_skalierbare_L\u00f6sung\" style=\"color:#e6b122\">Eine skalierbare L\u00f6sung<\/h2>\n\n\n\n<p>Das SAALTO-Team besteht aus fachkundigen Technikern, Vertriebsmitarbeitern, aber auch aus IT-Entwicklern. Dieses Entwicklerteam ist daf\u00fcr verantwortlich, alle Server, Programme, Algorithmen, \u2026, auf denen das SAALTO-System l\u00e4uft, auf dem neuesten Stand zu halten. Es handelt sich dabei um eine Garantie f\u00fcr den Fortbestand in den kommenden Jahren. Da sich Ihre Bed\u00fcrfnisse weiterentwickeln, wird die SAALTO-Plattform h\u00e4ufig um neue Versionen, neue Funktionen, neue Sicherheiten usw. erweitert, damit SAALTO Sie t\u00e4glich begleitet und Sie voll und ganz zufriedenstellt.<\/p>\n\n\n\n<div style=\"height:100px\" aria-hidden=\"true\" class=\"wp-block-spacer\"><\/div>\n\n\n\n<h2 class=\"wp-block-heading has-text-color\" id=\"Pers\u00f6nliche_Begleitung\" style=\"color:#e6b122\">Pers\u00f6nliche Begleitung<\/h2>\n\n\n\n<p>SAALTO ist ein komplettes und globales System zur Verwaltung Ihrer Kartoffellager. So wird SAALTO entsprechend Ihren Bed\u00fcrfnissen, Ihren K\u00fchlschr\u00e4nken, Ihrem Standort, Ihrer T\u00e4tigkeit, Ihren Kartoffelpaloxen usw. konfiguriert. Kurz gesagt, es handelt sich um eine ma\u00dfgeschneiderte L\u00f6sung, bei der das Ziel darin besteht, gemeinsam die f\u00fcr Ihren Betrieb am besten geeignete SAALTO-Konfiguration zu definieren.<\/p>\n\n\n\n<p>Diese kommerzielle und technische Begleitung erfolgt ab dem Start Ihres Projekts, aber auch w\u00e4hrend der gesamten Nutzungsdauer Ihres SAALTO-Systems.<\/p>\n\n\n\n<p>Unsere Priorit\u00e4t, Ihre Zufriedenheit<\/p>\n\n\n\n<div style=\"height:100px\" aria-hidden=\"true\" class=\"wp-block-spacer\"><\/div>\n\n\n\n<p class=\"has-text-align-center\">Erhalten Sie weitere Informationen, indem Sie die beigef\u00fcgte <a href=\"https:\/\/saalto.fr\/de\/download-broschuren\/\">Brosch\u00fcre herunterladen<\/a><\/p>\n\n\n\n<p class=\"has-text-align-center\">Haben Sie eine Frage? Haben Sie einen Bedarf? <a href=\"https:\/\/saalto.fr\/de\/kontakt\/\" data-type=\"link\" data-id=\"https:\/\/saalto.fr\/de\/kontakt\/\">KONTAKTIEREN SIE UNS!<\/a><\/p>\n","protected":false},"excerpt":{"rendered":"<p>Technischer Support Online Wir bei SAALTO wissen, wie wichtig eine leistungsf\u00e4hige technische Betreuung in Ihrem Alltag ist &#8211; und zwar das ganze Jahr \u00fcber. Aus diesem Grund haben wir ein Team von technischen Experten, das sich speziell mit dem SAALTO-System befasst. Unser Team ist in der Lage, alle Ihre Fragen online zu beantworten und Sie &hellip; <\/p>\n<p class=\"link-more\"><a href=\"https:\/\/saalto.fr\/de\/dienste\/\" class=\"more-link\">Lire la suite de<span class=\"screen-reader-text\">\u00ab\u00a0Dienste\u00a0\u00bb<\/span><\/a><\/p>\n","protected":false},"author":1,"featured_media":0,"parent":0,"menu_order":0,"comment_status":"closed","ping_status":"closed","template":"","meta":{"footnotes":""},"_links":{"self":[{"href":"https:\/\/saalto.fr\/de\/wp-json\/wp\/v2\/pages\/33"}],"collection":[{"href":"https:\/\/saalto.fr\/de\/wp-json\/wp\/v2\/pages"}],"about":[{"href":"https:\/\/saalto.fr\/de\/wp-json\/wp\/v2\/types\/page"}],"author":[{"embeddable":true,"href":"https:\/\/saalto.fr\/de\/wp-json\/wp\/v2\/users\/1"}],"replies":[{"embeddable":true,"href":"https:\/\/saalto.fr\/de\/wp-json\/wp\/v2\/comments?post=33"}],"version-history":[{"count":8,"href":"https:\/\/saalto.fr\/de\/wp-json\/wp\/v2\/pages\/33\/revisions"}],"predecessor-version":[{"id":122,"href":"https:\/\/saalto.fr\/de\/wp-json\/wp\/v2\/pages\/33\/revisions\/122"}],"wp:attachment":[{"href":"https:\/\/saalto.fr\/de\/wp-json\/wp\/v2\/media?parent=33"}],"curies":[{"name":"wp","href":"https:\/\/api.w.org\/{rel}","templated":true}]}}