{"id":29,"date":"2023-08-16T09:17:39","date_gmt":"2023-08-16T07:17:39","guid":{"rendered":"https:\/\/saalto.fr\/de\/?page_id=29"},"modified":"2023-08-18T16:32:39","modified_gmt":"2023-08-18T14:32:39","slug":"unsere-losungen","status":"publish","type":"page","link":"https:\/\/saalto.fr\/de\/unsere-losungen\/","title":{"rendered":"Unsere L\u00f6sungen"},"content":{"rendered":"\n<h2 class=\"wp-block-heading has-text-color\" id=\"Sparen_Sie_Zeit_bei_der_Verwaltung_Ihres_Speichers\" style=\"color:#e6b122\">Sparen Sie Zeit bei der Verwaltung Ihres Speichers<\/h2>\n\n\n\n<p>Der Kartoffelbauer muss seine Zeit so gut wie m\u00f6glich einteilen. Zwischen der Verwaltung seines Unternehmens, der Beziehung zu seinen Kunden und Lieferanten, dem Alltag mit seinen Mitarbeitern, \u2026 und das alles, ohne ein reiches Familienleben zu vergessen; der Kartoffelbauer muss st\u00e4ndig neue L\u00f6sungen finden, um seine Organisation zu optimieren und sie leistungsf\u00e4higer zu machen.<\/p>\n\n\n\n<p>So bringt das SAALTO-System einen echten Mehrwert. Vorbei sind die Zeiten, in denen man K\u00fchlhauspl\u00e4ne erstellt, Stunden in K\u00fchlh\u00e4usern verbringt, um einem K\u00e4ufer seine Best\u00e4nde zu best\u00e4tigen, oder sich vergewissert, dass die verlangte Arbeit korrekt ausgef\u00fchrt wurde. Mit SAALTO werden all diese nicht wertsch\u00f6pfenden und zeitraubenden Aufgaben automatisiert. Besser noch, sie werden zu einem Managementinstrument, um die Produktivit\u00e4t und Rentabilit\u00e4t der Lagerhaltung zu steigern.<\/p>\n\n\n\n<p>Dar\u00fcber hinaus wird auch die t\u00e4gliche Verwaltung des Gesch\u00e4ftsbetriebs durch die Durchf\u00fchrung von Auftr\u00e4gen auf der Online-Plattform SAALTO stark vereinfacht. Ein Auftrag ist definiert als eine Aufgabe, die von einem Bediener ausgef\u00fchrt werden muss. So ist es m\u00f6glich, Aufgaben, die nach einem bestimmten Zeitplan zu erledigen sind, vorab zu definieren und sie dann automatisch dem Operator auf seinem SAALTO-Tablet zukommen zu lassen. Eine organisierte Lagerverwaltung ist eine echte Zeitersparnis f\u00fcr alle, sowohl f\u00fcr den Betriebsleiter als auch f\u00fcr den Bediener, aber auch ein Vektor der Gelassenheit in der gesamten Organisation. SAALTO ist wirklich ein Werkzeug, mit dem man t\u00e4glich Zeit und Gelassenheit gewinnen kann.<\/p>\n\n\n\n<figure class=\"wp-block-image size-large\"><img decoding=\"async\" loading=\"lazy\" width=\"1024\" height=\"577\" src=\"https:\/\/saalto.fr\/de\/wp-content\/uploads\/sites\/5\/2023\/08\/Galerie-2-1024x577.jpg\" alt=\"\" class=\"wp-image-110\" srcset=\"https:\/\/saalto.fr\/de\/wp-content\/uploads\/sites\/5\/2023\/08\/Galerie-2-1024x577.jpg 1024w, https:\/\/saalto.fr\/de\/wp-content\/uploads\/sites\/5\/2023\/08\/Galerie-2-300x169.jpg 300w, https:\/\/saalto.fr\/de\/wp-content\/uploads\/sites\/5\/2023\/08\/Galerie-2-768x433.jpg 768w, https:\/\/saalto.fr\/de\/wp-content\/uploads\/sites\/5\/2023\/08\/Galerie-2-1536x865.jpg 1536w, https:\/\/saalto.fr\/de\/wp-content\/uploads\/sites\/5\/2023\/08\/Galerie-2.jpg 1900w\" sizes=\"(max-width: 1024px) 100vw, 1024px\" \/><\/figure>\n\n\n\n<div style=\"height:100px\" aria-hidden=\"true\" class=\"wp-block-spacer\"><\/div>\n\n\n\n<h2 class=\"wp-block-heading has-text-color\" id=\"Ihre_gesamte_Kartoffelproduktion_verwerten\" style=\"color:#e6b122\">Ihre gesamte Kartoffelproduktion verwerten<\/h2>\n\n\n\n<p>Das SAALTO-System erm\u00f6glicht es Ihnen, Ihre gesamte Kartoffelproduktion zu verwerten.<\/p>\n\n\n\n<p>Viele Kartoffelbauern sind mit dem Problem konfrontiert, dass sie Kisten im K\u00fchlschrank vergessen haben oder dass leere Kisten die vollen Kisten verdecken. Diese vergessenen Kisten werden oft am Ende des Wirtschaftsjahres gefunden, wenn die Qualit\u00e4t der Kartoffeln nicht mehr gut ist oder die Verkaufspreise sinken, und stellen f\u00fcr alle Kartoffelerzeuger einen erheblichen Gewinnverlust dar.<\/p>\n\n\n\n<p>Dank des SAALTO-Systems werden diese Kisten nicht mehr vergessen. Neben der Unterst\u00fctzung bei der Organisation des Lagerhauses werden alle Kisten in Echtzeit verfolgt. So wissen Sie immer, wo sich Ihre Kisten befinden und was sie enthalten. Mit SAALTO gibt es kein Vergessen von Kisten mehr! Ihre gesamte Produktion wird somit aufgewertet.<\/p>\n\n\n\n<p>Neben der Kenntnis des Produkts in der Kiste erm\u00f6glicht SAALTO die Verwaltung zahlreicher Informationen \u00fcber die Kartoffelpalox selbst: Marken, Abmessungen, Zustand usw. Beim Versand von Kartoffelpaloxen an Kunden k\u00f6nnen auch die Kontaktdaten des Kunden angegeben werden. Auf diese Weise wird es sehr einfach, die verschickten Kartoffelkisten wieder abzuholen.<\/p>\n\n\n\n<p>Insgesamt ist SAALTO ein wertvolles Instrument f\u00fcr die Aufwertung Ihrer Kartoffelproduktion und damit f\u00fcr die Rentabilit\u00e4t Ihres Kartoffelbetriebs.<\/p>\n\n\n\n<div style=\"height:100px\" aria-hidden=\"true\" class=\"wp-block-spacer\"><\/div>\n\n\n\n<h2 class=\"wp-block-heading has-text-color\" id=\"Sichern_Sie_Ihre_R\u00fcckverfolgbarkeit\" style=\"color:#e6b122\">Sichern Sie Ihre R\u00fcckverfolgbarkeit<\/h2>\n\n\n\n<p>Das SAALTO-System erm\u00f6glicht die vollst\u00e4ndige R\u00fcckverfolgbarkeit Ihres Kartoffellagers. Dank seiner automatischen Funktionsweise gibt es keine unn\u00f6tigen Eingaben und somit auch keine potenziellen Fehler. Dadurch wird die R\u00fcckverfolgbarkeit gew\u00e4hrleistet und abgesichert.<\/p>\n\n\n\n<p>Die Sicherung der R\u00fcckverfolgbarkeit ist in vielen F\u00e4llen wichtig.<\/p>\n\n\n\n<p>Angefangen bei den Produzenten von Pflanzkartoffeln. Es ist n\u00e4mlich wichtig, die Qualit\u00e4t der Pflanzkartoffel zertifizieren zu k\u00f6nnen: die Sorte, die Gr\u00f6\u00dfe, \u2026 Hierf\u00fcr erweist sich SAALTO als sehr n\u00fctzlich. Nicht nur, dass SAALTO den Staplerfahrer direkt alarmieren wird, wenn die falsche Kiste gehandhabt wird oder eine Sortenmischung m\u00f6glich ist, und somit die Sortenmischung unm\u00f6glich macht. Aber auch durch die automatische Aufzeichnung aller Prozessschritte, Kistenmanipulationen, Ortswechsel, \u2026 So wird eine echte R\u00fcckverfolgbarkeit der Partien, aber auch der Unterpartien, automatisch realisiert. Alle diese Dokumente k\u00f6nnen exportiert werden, um sie den Kunden vorlegen zu k\u00f6nnen.<\/p>\n\n\n\n<p>Da die Sortenmischung ein echter Wachsamkeitspunkt f\u00fcr die Pflanzkartoffelproduzenten ist, schlie\u00dft sich der Versicherer GROUPAMA dem SAALTO-Ansatz an, indem er einen Rabatt auf die Pflanzkartoffelversicherung anbietet.<\/p>\n\n\n\n<p>Die Sicherung der R\u00fcckverfolgbarkeit ist auch f\u00fcr Kartoffelh\u00e4ndler und Kartoffelverpacker von gro\u00dfer Bedeutung. Denn die K\u00e4ufer stellen immer h\u00f6here Anforderungen an die Historie und die R\u00fcckverfolgbarkeit der gekauften Kartoffelpartien. Dies gilt umso mehr f\u00fcr alle Akteure, die sich in Qualit\u00e4tsketten wie IFS FOOD, GOBAL GAP, Haute Valeur Environnementale,\u2026 engagieren.<\/p>\n\n\n\n<p>SAALTO hat sich zum Beispiel voll und ganz der Zertifizierung nach IFS FOOD verschrieben. Der IFS FOOD verlangt n\u00e4mlich eine beispielhafte R\u00fcckverfolgbarkeit \u00fcber die gesamte Wertsch\u00f6pfungskette. Dank SAALTO ist diese R\u00fcckverfolgbarkeit automatisch, sofort und pr\u00e4zise. Es ist daher einfach, bei Qualit\u00e4tsaudits nach IFS FOOD R\u00fcckverfolgbarkeitsberichte f\u00fcr Chargen oder Unterchargen vorzulegen.<\/p>\n\n\n\n<p>Das SAALTO-System ist ein echter Verb\u00fcndeter f\u00fcr die automatische Sicherung der R\u00fcckverfolgbarkeit.<\/p>\n\n\n\n<figure class=\"wp-block-image size-large\"><img decoding=\"async\" loading=\"lazy\" width=\"1024\" height=\"576\" src=\"https:\/\/saalto.fr\/de\/wp-content\/uploads\/sites\/5\/2023\/08\/ETAT-DES-STOCK-1024x576.jpg\" alt=\"\" class=\"wp-image-111\" srcset=\"https:\/\/saalto.fr\/de\/wp-content\/uploads\/sites\/5\/2023\/08\/ETAT-DES-STOCK-1024x576.jpg 1024w, https:\/\/saalto.fr\/de\/wp-content\/uploads\/sites\/5\/2023\/08\/ETAT-DES-STOCK-300x169.jpg 300w, https:\/\/saalto.fr\/de\/wp-content\/uploads\/sites\/5\/2023\/08\/ETAT-DES-STOCK-768x432.jpg 768w, https:\/\/saalto.fr\/de\/wp-content\/uploads\/sites\/5\/2023\/08\/ETAT-DES-STOCK-1536x864.jpg 1536w, https:\/\/saalto.fr\/de\/wp-content\/uploads\/sites\/5\/2023\/08\/ETAT-DES-STOCK.jpg 1800w\" sizes=\"(max-width: 1024px) 100vw, 1024px\" \/><\/figure>\n\n\n\n<div style=\"height:100px\" aria-hidden=\"true\" class=\"wp-block-spacer\"><\/div>\n\n\n\n<h2 class=\"wp-block-heading has-text-color\" id=\"Ihre_CO2-Bilanz_verbessern\" style=\"color:#e6b122\">Ihre CO2-Bilanz verbessern<\/h2>\n\n\n\n<p>Das SAALTO-System ist ein wertvolles Instrument zur Verbesserung Ihrer CO2-Bilanz.<\/p>\n\n\n\n<p>Es liegt in der Natur der Sache, dass ein Kartoffellager Energie verbraucht. Es gibt heute Systeme, die darauf abzielen, den Verbrauch von Kartoffelk\u00fchlschr\u00e4nken zu reduzieren, um deren CO2-Bilanz zu verbessern.<\/p>\n\n\n\n<p>SAALTO greift in die Optimierung der Transportstr\u00f6me innerhalb des Lagerhauses ein. Denn die vielen unn\u00f6tigen Bewegungen der Staplerfahrer in den K\u00fchlh\u00e4usern f\u00fchren zu einem hohen Energieverbrauch. Daher wird die durch das SAALTO-Datenverarbeitungstool erm\u00f6glichte Optimierung der Abl\u00e4ufe die CO2-Bilanz der Kartoffellagerung verbessern.<\/p>\n\n\n\n<p>Au\u00dferdem werden durch die Optimierung der Warenstr\u00f6me weniger K\u00fchlschrankt\u00fcren ge\u00f6ffnet und geschlossen, wodurch der Energiebedarf f\u00fcr die Aufrechterhaltung der K\u00fchlschranktemperatur geringer ist, was eine weitere Quelle f\u00fcr die Verbesserung der CO2-Bilanz darstellt.<\/p>\n\n\n\n<p> <\/p>\n\n\n\n<div style=\"height:100px\" aria-hidden=\"true\" class=\"wp-block-spacer\"><\/div>\n\n\n\n<h2 class=\"wp-block-heading has-text-color\" id=\"Verantwortungsbewusstsein_und_Loyalit\u00e4t_Ihrer_Staplerfahrer_f\u00f6rdern\" style=\"color:#e6b122\">Verantwortungsbewusstsein und Loyalit\u00e4t Ihrer Staplerfahrer f\u00f6rdern<\/h2>\n\n\n\n<p>Staplerfahrer spielen eine wichtige Rolle bei der Handhabung der Kartoffelkisten. Daher ist es wichtig, ihnen Verantwortung zu \u00fcbertragen und sie an das Unternehmen zu binden.Das SAALTO-System erm\u00f6glicht es, den Staplerfahrern pr\u00e4zise Auftr\u00e4ge zu erteilen, um sie bei ihrer t\u00e4glichen Arbeit zu unterst\u00fctzen. Da bei der Kistenerkennung alles automatisch abl\u00e4uft, kann sich der Staplerfahrer auf die Bewegung der Kisten konzentrieren, seine Fahrzeit zwischen den Lagern optimieren und sicherstellen, dass das Lager ordnungsgem\u00e4\u00df funktioniert.SAALTO wird auch die Motivation der Mitarbeiter verbessern, indem es eine entspanntere, organisiertere und sicherere Arbeitsatmosph\u00e4re schafft, in der sich jeder Mitarbeiter wertgesch\u00e4tzt f\u00fchlt und sich t\u00e4glich weiterentwickelt.<\/p>\n\n\n\n<figure class=\"wp-block-image size-large\"><img decoding=\"async\" loading=\"lazy\" width=\"1024\" height=\"577\" src=\"https:\/\/saalto.fr\/de\/wp-content\/uploads\/sites\/5\/2023\/08\/Galerie-3-1024x577.jpg\" alt=\"\" class=\"wp-image-112\" srcset=\"https:\/\/saalto.fr\/de\/wp-content\/uploads\/sites\/5\/2023\/08\/Galerie-3-1024x577.jpg 1024w, https:\/\/saalto.fr\/de\/wp-content\/uploads\/sites\/5\/2023\/08\/Galerie-3-300x169.jpg 300w, https:\/\/saalto.fr\/de\/wp-content\/uploads\/sites\/5\/2023\/08\/Galerie-3-768x433.jpg 768w, https:\/\/saalto.fr\/de\/wp-content\/uploads\/sites\/5\/2023\/08\/Galerie-3-1536x865.jpg 1536w, https:\/\/saalto.fr\/de\/wp-content\/uploads\/sites\/5\/2023\/08\/Galerie-3.jpg 1900w\" sizes=\"(max-width: 1024px) 100vw, 1024px\" \/><\/figure>\n\n\n\n<div style=\"height:100px\" aria-hidden=\"true\" class=\"wp-block-spacer\"><\/div>\n\n\n\n<h2 class=\"wp-block-heading has-text-color\" id=\"Vereinfachen_Sie_die_Organisation_Ihres_Speichers\" style=\"color:#e6b122\">Vereinfachen Sie die Organisation Ihres Speichers<\/h2>\n\n\n\n<p>Das SAALTO-System zur Verwaltung von Kartoffellagern ist skalierbar und passt sich perfekt an Ihre Organisation und Arbeitsweise an. So werden die Definitionen Ihrer K\u00fchlschr\u00e4nke entsprechend Ihrer Entwicklung und Ihren Bed\u00fcrfnissen auf der SAALTO-Plattform aktualisiert. Diese ist immer auf dem neuesten Stand und repr\u00e4sentativ f\u00fcr Ihre Organisation.<\/p>\n\n\n\n<p>Wenn Ihre K\u00fchlschr\u00e4nke genau definiert sind (Standort, Abmessungen, Reihen, H\u00f6hen, \u2026), wird SAALTO Ihre Prozesse in Ihren Lagerh\u00e4usern automatisieren. So wird SAALTO ab dem Zeitpunkt, an dem die Waren in Ihren K\u00fchlschr\u00e4nken ankommen, oder sogar ab dem Zeitpunkt, an dem sie auf dem Feld in Paloxen verpackt werden, das Leben jeder Kiste verfolgen.<\/p>\n\n\n\n<p>Dank der SAALTO IdMatic-Technologie wird der Staplerfahrer keine manuellen Eingriffe vornehmen m\u00fcssen, um die Kisten zu deklarieren. Alles l\u00e4uft automatisch ab! Der Staplerfahrer kann sich also auf seine auszuf\u00fchrenden Auftr\u00e4ge konzentrieren. Diese werden live auf seinem SAALTO-Tablet in der Kabine des Gabelstaplers vermerkt.<\/p>\n\n\n\n<p>SAALTO steigert die Effizienz in Kartoffellagern, erleichtert die Arbeitsabl\u00e4ufe und erm\u00f6glicht es, gro\u00dfe Mengen an Kisten zu verarbeiten. SAALTO reduziert auch Fehler bei der Bestellung, Vermischung von Chargen usw.<\/p>\n\n\n\n<p>Dank SAALTO wird die Organisation Ihrer Lagerhaltung vereinfacht und in Echtzeit auf der SAALTO-Online-Plattform verfolgt. Das Ergebnis ist mehr Gelassenheit und weniger Stress im Alltag.<\/p>\n\n\n\n<div style=\"height:100px\" aria-hidden=\"true\" class=\"wp-block-spacer\"><\/div>\n\n\n\n<h2 class=\"wp-block-heading has-text-color\" id=\"Verbesserung_der_Beziehung_zu_Ihren_Kunden\" style=\"color:#e6b122\">Verbesserung der Beziehung zu Ihren Kunden<\/h2>\n\n\n\n<p>Dank des SAALTO-Systems kennen Sie den Stand Ihrer Kartoffelvorr\u00e4te in Echtzeit. Die Online-Plattform SAALTO ist \u00fcber PC, Tablet oder SmartPhone zug\u00e4nglich und erm\u00f6glicht es Ihnen, Ihre Lagerbest\u00e4nde nach Orten, Kartoffelsorten, Kartoffelgr\u00f6\u00dfen usw. zu sortieren, und das alles dank eines leistungsstarken und reaktionsschnellen Analysetools. Sie k\u00f6nnen also sofort auf alle Anfragen Ihrer Kunden reagieren.<\/p>\n\n\n\n<p>Sie werden also schneller reagieren und k\u00f6nnen die aktuellen Gesch\u00e4ftsm\u00f6glichkeiten nutzen.<\/p>\n\n\n\n<p>Wenn diese erfasst werden, werden Ihre Kunden von einer besseren Bearbeitung ihrer Bestellungen und schnelleren Lieferungen profitieren, und das alles mit weniger Fehlern. Das Ergebnis ist eine h\u00f6here Kundenzufriedenheit und mehr Loyalit\u00e4t f\u00fcr eine langfristige Partnerschaft.<\/p>\n\n\n\n<figure class=\"wp-block-image size-large\"><img decoding=\"async\" loading=\"lazy\" width=\"1024\" height=\"577\" src=\"https:\/\/saalto.fr\/de\/wp-content\/uploads\/sites\/5\/2023\/08\/Saalto2-1024x577.jpg\" alt=\"\" class=\"wp-image-113\" srcset=\"https:\/\/saalto.fr\/de\/wp-content\/uploads\/sites\/5\/2023\/08\/Saalto2-1024x577.jpg 1024w, https:\/\/saalto.fr\/de\/wp-content\/uploads\/sites\/5\/2023\/08\/Saalto2-300x169.jpg 300w, https:\/\/saalto.fr\/de\/wp-content\/uploads\/sites\/5\/2023\/08\/Saalto2-768x433.jpg 768w, https:\/\/saalto.fr\/de\/wp-content\/uploads\/sites\/5\/2023\/08\/Saalto2-1536x865.jpg 1536w, https:\/\/saalto.fr\/de\/wp-content\/uploads\/sites\/5\/2023\/08\/Saalto2.jpg 1800w\" sizes=\"(max-width: 1024px) 100vw, 1024px\" \/><\/figure>\n\n\n\n<div style=\"height:100px\" aria-hidden=\"true\" class=\"wp-block-spacer\"><\/div>\n\n\n\n<p class=\"has-text-align-center\">Erhalten Sie weitere Informationen, indem Sie die beigef\u00fcgte <a href=\"https:\/\/saalto.fr\/de\/download-broschuren\/\">Brosch\u00fcre herunterladen<\/a><\/p>\n\n\n\n<p class=\"has-text-align-center\">Haben Sie eine Frage? Haben Sie einen Bedarf? <a href=\"https:\/\/saalto.fr\/de\/kontakt\/\">KONTAKTIEREN SIE UNS!<\/a><\/p>\n","protected":false},"excerpt":{"rendered":"<p>Sparen Sie Zeit bei der Verwaltung Ihres Speichers Der Kartoffelbauer muss seine Zeit so gut wie m\u00f6glich einteilen. Zwischen der Verwaltung seines Unternehmens, der Beziehung zu seinen Kunden und Lieferanten, dem Alltag mit seinen Mitarbeitern, \u2026 und das alles, ohne ein reiches Familienleben zu vergessen; der Kartoffelbauer muss st\u00e4ndig neue L\u00f6sungen finden, um seine Organisation &hellip; <\/p>\n<p class=\"link-more\"><a href=\"https:\/\/saalto.fr\/de\/unsere-losungen\/\" class=\"more-link\">Lire la suite de<span class=\"screen-reader-text\">\u00ab\u00a0Unsere L\u00f6sungen\u00a0\u00bb<\/span><\/a><\/p>\n","protected":false},"author":1,"featured_media":0,"parent":0,"menu_order":0,"comment_status":"closed","ping_status":"closed","template":"","meta":{"footnotes":""},"_links":{"self":[{"href":"https:\/\/saalto.fr\/de\/wp-json\/wp\/v2\/pages\/29"}],"collection":[{"href":"https:\/\/saalto.fr\/de\/wp-json\/wp\/v2\/pages"}],"about":[{"href":"https:\/\/saalto.fr\/de\/wp-json\/wp\/v2\/types\/page"}],"author":[{"embeddable":true,"href":"https:\/\/saalto.fr\/de\/wp-json\/wp\/v2\/users\/1"}],"replies":[{"embeddable":true,"href":"https:\/\/saalto.fr\/de\/wp-json\/wp\/v2\/comments?post=29"}],"version-history":[{"count":19,"href":"https:\/\/saalto.fr\/de\/wp-json\/wp\/v2\/pages\/29\/revisions"}],"predecessor-version":[{"id":120,"href":"https:\/\/saalto.fr\/de\/wp-json\/wp\/v2\/pages\/29\/revisions\/120"}],"wp:attachment":[{"href":"https:\/\/saalto.fr\/de\/wp-json\/wp\/v2\/media?parent=29"}],"curies":[{"name":"wp","href":"https:\/\/api.w.org\/{rel}","templated":true}]}}