{"id":27,"date":"2023-08-16T09:17:09","date_gmt":"2023-08-16T07:17:09","guid":{"rendered":"https:\/\/saalto.fr\/de\/?page_id=27"},"modified":"2023-08-18T16:32:22","modified_gmt":"2023-08-18T14:32:22","slug":"saalto","status":"publish","type":"page","link":"https:\/\/saalto.fr\/de\/saalto\/","title":{"rendered":"SAALTO\u00ae"},"content":{"rendered":"\n<p>Historisch gesehen wurde die Verfolgung von Paloxen mit Kartoffeln immer von Hand durchgef\u00fchrt.<\/p>\n\n\n\n<p>So hatte jede Kiste ihre eigene Etikettierung, die meist an die Palox geheftet war, um den Inhalt der jeweiligen Kiste zu identifizieren. Eine Tafel oder karierte Bl\u00e4tter, die oft am Eingang des Lagers angebracht waren, dienten der t\u00e4glichen Verwaltung des Kartoffelbestands.<\/p>\n\n\n\n<p>Die Entwicklung der Kartoffelanbaubetriebe, die steigende Anzahl der zu verwaltenden Kisten, die Anforderungen der Kunden in Bezug auf die R\u00fcckverfolgbarkeit, die Rentabilit\u00e4tsanforderungen der Betriebe und die Einf\u00fchrung neuer Technologien haben jedoch die Entstehung neuer L\u00f6sungen erm\u00f6glicht.<\/p>\n\n\n\n<p>So wurde 2018 das Unternehmen SAALTO gegr\u00fcndet. SAALTO steht f\u00fcr Syst\u00e8me Autonome et Automatique de Localisation et Tra\u00e7abilit\u00e9 d&rsquo;Objets (Autonomes und automatisches System zur Lokalisierung und Verfolgung von Objekten).<\/p>\n\n\n\n<p>Begleitet von einigen Kartoffelbauern machte sich das SAALTO-Team auf die Suche nach einfachen und effizienten L\u00f6sungen, um die Lagerung von Kartoffeln in Paloxen zu digitalisieren.<\/p>\n\n\n\n<p>Die erste SAALTO-L\u00f6sung wurde 2019 bei einem ausgew\u00e4hlten Kreis von Kartoffelproduzenten, haupts\u00e4chlich Pflanz- und Speisekartoffelproduzenten, eingef\u00fchrt, um die Prototypen zu testen und das Gesamtkonzept zu validieren.<\/p>\n\n\n\n<p>Gest\u00e4rkt durch diese ersten erfolgreichen Tests startete SAALTO durch und machte sich auf den Weg, die franz\u00f6sischen Kartoffelbauern zu erobern. SAALTO ist heute der f\u00fchrende franz\u00f6sische Anbieter von L\u00f6sungen f\u00fcr die Verwaltung von Kartoffellagern und ist in vielen franz\u00f6sischen Betrieben vertreten.<\/p>\n\n\n\n<div style=\"height:100px\" aria-hidden=\"true\" class=\"wp-block-spacer\"><\/div>\n\n\n\n<h2 class=\"wp-block-heading has-text-align-center has-text-color has-large-font-size\" style=\"color:#e6b122;text-decoration:underline\">Wie funktioniert das SAALTO-System?<\/h2>\n\n\n\n<p class=\"has-text-align-center\">Das SAALTO-System besteht aus einem Hardware-Teil und einer Online-Plattform.<\/p>\n\n\n\n<p class=\"has-text-align-center\">So basiert der Hardware-Teil haupts\u00e4chlich auf der einzigartigen und <strong>patentierten IdMatic -Technologie :<\/strong><\/p>\n\n\n\n<div class=\"wp-block-cover alignfull\" style=\"min-height:198px\"><span aria-hidden=\"true\" class=\"wp-block-cover__background has-background-dim-100 has-background-dim\" style=\"background-color:#28274c\"><\/span><div class=\"wp-block-cover__inner-container is-layout-flow wp-block-cover-is-layout-flow\"><div class=\"wp-block-image\">\n<figure class=\"alignright size-large is-resized\"><img decoding=\"async\" loading=\"lazy\" src=\"http:\/\/saalto.fr\/wp-content\/uploads\/2023\/08\/TAGS-1024x577.jpg\" alt=\"\" class=\"wp-image-125\" style=\"width:321px;height:181px\" width=\"321\" height=\"181\"\/><\/figure><\/div>\n\n\n<ul>\n<li class=\"has-medium-font-size\" style=\"text-decoration:underline\"><strong>RFID-Tags :<\/strong><\/li>\n<\/ul>\n\n\n\n<p>Jede Kasse verf\u00fcgt \u00fcber einen eigenen RFID-Tag. Dieser verf\u00fcgt \u00fcber eine dreifache Identifizierung, die ein sicheres Auslesen und Archivieren der Daten erm\u00f6glicht. Diese Tags sind staub- und sonnenbest\u00e4ndig, \u2026 mit einer Garantie von 20 Jahren!<\/p>\n<\/div><\/div>\n\n\n\n<div class=\"wp-block-cover alignfull is-light\" style=\"min-height:305px\"><span aria-hidden=\"true\" class=\"wp-block-cover__background has-white-background-color has-background-dim-100 has-background-dim\"><\/span><div class=\"wp-block-cover__inner-container is-layout-flow wp-block-cover-is-layout-flow\"><div class=\"wp-block-image\">\n<figure class=\"alignleft size-large is-resized\"><img decoding=\"async\" loading=\"lazy\" src=\"http:\/\/saalto.fr\/wp-content\/uploads\/2023\/08\/Lecteur-1-1024x603.jpg\" alt=\"\" class=\"wp-image-128\" style=\"width:355px;height:208px\" width=\"355\" height=\"208\"\/><\/figure><\/div>\n\n\n<ul>\n<li class=\"has-medium-font-size\" style=\"text-decoration:underline\"><strong>SAALTO-Player :<\/strong><\/li>\n<\/ul>\n\n\n\n<p>Ein einzigartiges, vollst\u00e4ndig einbauf\u00e4higes SAALTO-Leseger\u00e4t passt zwischen die Gabeln von Gabelstaplern. Dieses SAALTO-Leseger\u00e4t ist ein Konzentrat an Technologie. So besteht er insbesondere aus zahlreichen Sensoren, die durch leistungsstarke Algorithmen miteinander verbunden sind. Dies alles erm\u00f6glicht ein automatisches und sofortiges Lesen der Kartoffelkisten.<\/p>\n<\/div><\/div>\n\n\n\n<div class=\"wp-block-cover alignfull\" style=\"min-height:344px\"><span aria-hidden=\"true\" class=\"wp-block-cover__background has-background-dim-100 has-background-dim\" style=\"background-color:#28274c\"><\/span><div class=\"wp-block-cover__inner-container is-layout-flow wp-block-cover-is-layout-flow\">\n<ul>\n<li class=\"has-medium-font-size\" style=\"text-decoration:underline\"><strong>Eine SAALTO-Kabinentablette :<\/strong><\/li>\n<\/ul>\n\n\n<div class=\"wp-block-image\">\n<figure class=\"alignright size-large is-resized\"><img decoding=\"async\" loading=\"lazy\" src=\"http:\/\/saalto.fr\/wp-content\/uploads\/2023\/08\/Plan-frigo-tablette-cariste-1024x532.jpg\" alt=\"\" class=\"wp-image-57\" style=\"width:385px;height:200px\" width=\"385\" height=\"200\"\/><\/figure><\/div>\n\n\n<p>Jeder Gabelstaplerfahrer hat sein eigenes SAALTO-Tablet in der Kabine seines Gabelstaplers. Diese digitale Schnittstelle erm\u00f6glicht es dem Staplerfahrer, die Kisten vor ihm genau zu kennen, den Zustand der K\u00fchlschr\u00e4nke zu kontrollieren, bestimmte Arbeitsschritte zu best\u00e4tigen und neue Auftr\u00e4ge zu erhalten, die er ausf\u00fchren muss.<\/p>\n\n\n\n<p>Die IdMatic-Technologie erm\u00f6glicht es dem Staplerfahrer, sich auf seine Hauptt\u00e4tigkeit, n\u00e4mlich das Handling der Paloxen, zu konzentrieren, ohne sich um die Eingabe von Informationen in die SAALTO-L\u00f6sung k\u00fcmmern zu m\u00fcssen. Alles l\u00e4uft automatisch!<\/p>\n\n\n\n<p>Dadurch erhalten die Staplerfahrer mehr Verantwortung und Autonomie mit einer effektiveren Planung der zu erledigenden Aufgaben.<\/p>\n<\/div><\/div>\n\n\n\n<h2 class=\"wp-block-heading has-text-color has-large-font-size\" style=\"color:#e6b122\"><strong>Die Online-Plattform<\/strong><\/h2>\n\n\n\n<p>Die Online-Plattform zur Lagerverwaltung f\u00fcr Kartoffeln SAALTO ist auf allen digitalen Medien (PC, Tablet und Smartphone) zug\u00e4nglich, \u00fcberall auf der Welt und zu jeder Zeit 24\/7.<\/p>\n\n\n<div class=\"wp-block-image\">\n<figure class=\"aligncenter size-large\"><img decoding=\"async\" src=\"http:\/\/saalto.fr\/wp-content\/uploads\/2023\/08\/Ordi-tablette-sans-fond-SITE-1024x583.png\" alt=\"\" class=\"wp-image-93\"\/><\/figure><\/div>\n\n\n<div class=\"wp-block-cover alignfull\"><span aria-hidden=\"true\" class=\"wp-block-cover__background has-background-dim-100 has-background-dim\" style=\"background-color:#28274c\"><\/span><div class=\"wp-block-cover__inner-container is-layout-flow wp-block-cover-is-layout-flow\"><div class=\"wp-block-image\">\n<figure class=\"alignright size-large is-resized\"><img decoding=\"async\" loading=\"lazy\" src=\"https:\/\/saalto.fr\/wp-content\/uploads\/2023\/08\/ECRAN-DOUBLE-CAISSE-1024x586.png\" alt=\"\" class=\"wp-image-144\" style=\"width:512px;height:293px\" width=\"512\" height=\"293\"\/><\/figure><\/div>\n\n\n<p class=\"has-white-color has-text-color\">Ein Kartoffelbauer muss heute schnell auf die W\u00fcnsche seiner Kunden reagieren. Dasselbe gilt f\u00fcr seine Lagerhaltung, die schnell auf verschiedene Schwankungen reagieren muss. Das SAALTO-System erm\u00f6glicht es, ein gro\u00dfes Volumen an Kisten zu verwalten und pr\u00e4zise Arbeitsschritte mithilfe von digitalisierten und personalisierten K\u00fchlhausprozessen auszuf\u00fchren. Der Staplerfahrer erh\u00e4lt auf seinem SAALTO-Tablet sofort alle neuen Auftr\u00e4ge, die er ausf\u00fchren muss, um schneller reagieren zu k\u00f6nnen.<\/p>\n<\/div><\/div>\n\n\n\n<p>Die SAALTO-Software hilft Kartoffelbauern, die t\u00e4glichen Vorg\u00e4nge in den Lagerh\u00e4usern zu verwalten und zu kontrollieren, von der Ankunft der Kartoffeln bis zu ihrer Auslagerung. Sie bietet einen Echtzeit-Einblick in alle K\u00fchlh\u00e4user, auch wenn diese sich an verschiedenen geografischen Standorten befinden.<\/p>\n\n\n\n<p>Neben der Lagerverwaltung bietet das SAALTO-System Werkzeuge f\u00fcr die Prozesse der Kommissionierung und Verpackung von Bestellungen, die Auswertung von Daten, die analytische Analyse von Auftr\u00e4gen,\u2026.<\/p>\n\n\n\n<p>Die Online-Plattform SAALTO ist leistungsstark und erm\u00f6glicht es, die Verwaltung seiner K\u00fchlschr\u00e4nke zur Lagerung von Kartoffeln zu optimieren und seine Prozesse der Annahme, der Lagerverwaltung, der Vorbereitung, der Verpackung und des Versands von Bestellungen zu verfolgen. Alles wird von einer einzigen, ergonomischen Schnittstelle aus organisiert. Diese erm\u00f6glicht auch die Auswertung von Daten, Daten und Ressourcen sowie die multikriterielle Analyse von Missionen. Das SAALTO-Managementsystem l\u00e4sst sich in andere Tools wie ERP oder Handhelds integrieren.<\/p>\n\n\n\n<div class=\"wp-block-cover alignfull is-light\" style=\"min-height:55px\"><span aria-hidden=\"true\" class=\"wp-block-cover__background has-background-dim-100 has-background-dim\" style=\"background-color:#e6b122\"><\/span><div class=\"wp-block-cover__inner-container is-layout-flow wp-block-cover-is-layout-flow\">\n<p class=\"has-text-align-center has-white-color has-text-color has-medium-font-size\" style=\"text-decoration:underline\"><strong>Die Vorteile eines digitalen Kartoffellagerverwaltungssystems :<\/strong><\/p>\n<\/div><\/div>\n\n\n\n<p>Ein leistungsstarkes, digitales Lagerverwaltungssystem ist f\u00fcr alle Erzeuger, die einen Kartoffelbestand verwalten m\u00fcssen, von entscheidender Bedeutung, da es Kosteneinsparungen erm\u00f6glicht und gleichzeitig die Effizienz und Produktivit\u00e4t in vielen Bereichen steigert. Im Folgenden finden Sie die wichtigsten Vorteile des SAALTO-Systems :<\/p>\n\n\n\n<ul>\n<li>Sparen Sie Zeit bei der Verwaltung Ihrer Lagerhaltung.<\/li>\n\n\n\n<li>Ihre gesamte Kartoffelproduktion aufwerten.<\/li>\n\n\n\n<li>Ihre R\u00fcckverfolgbarkeit zu sichern<\/li>\n\n\n\n<li>Verbessern Sie Ihre CO2-Bilanz<\/li>\n\n\n\n<li>Ihren Staplerfahrern mehr Verantwortung \u00fcbertragen und sie an sich binden.<\/li>\n\n\n\n<li>Vereinfachen Sie die Organisation Ihrer Lagerhaltung.<\/li>\n\n\n\n<li>Verbessern Sie die Beziehung zu Ihren Kunden<\/li>\n<\/ul>\n\n\n\n<div class=\"wp-block-cover alignfull\" style=\"min-height:171px\"><span aria-hidden=\"true\" class=\"wp-block-cover__background has-background-dim-100 has-background-dim\" style=\"background-color:#28274c\"><\/span><div class=\"wp-block-cover__inner-container is-layout-flow wp-block-cover-is-layout-flow\">\n<p class=\"has-text-align-center has-white-color has-text-color has-medium-font-size\"><strong>Das SAALTO-System ist ein echtes digitales Werkzeug im Dienste der Kartoffel- und Zwiebelbauern!<\/strong><\/p>\n<\/div><\/div>\n\n\n\n<div style=\"height:100px\" aria-hidden=\"true\" class=\"wp-block-spacer\"><\/div>\n\n\n\n<p class=\"has-text-align-center\">Erhalten Sie weitere Informationen, indem Sie die beigef\u00fcgte <a href=\"https:\/\/saalto.fr\/de\/download-broschuren\/\" data-type=\"link\" data-id=\"https:\/\/saalto.fr\/de\/download-broschuren\/\">Brosch\u00fcre herunterladen<\/a><\/p>\n\n\n\n<p class=\"has-text-align-center\">Haben Sie eine Frage? Haben Sie einen Bedarf? <a href=\"https:\/\/saalto.fr\/de\/kontakt\/\" data-type=\"link\" data-id=\"https:\/\/saalto.fr\/de\/kontakt\/\">KONTAKTIEREN SIE UNS!<\/a><\/p>\n","protected":false},"excerpt":{"rendered":"<p>Historisch gesehen wurde die Verfolgung von Paloxen mit Kartoffeln immer von Hand durchgef\u00fchrt. So hatte jede Kiste ihre eigene Etikettierung, die meist an die Palox geheftet war, um den Inhalt der jeweiligen Kiste zu identifizieren. Eine Tafel oder karierte Bl\u00e4tter, die oft am Eingang des Lagers angebracht waren, dienten der t\u00e4glichen Verwaltung des Kartoffelbestands. Die &hellip; <\/p>\n<p class=\"link-more\"><a href=\"https:\/\/saalto.fr\/de\/saalto\/\" class=\"more-link\">Lire la suite de<span class=\"screen-reader-text\">\u00ab\u00a0SAALTO\u00ae\u00a0\u00bb<\/span><\/a><\/p>\n","protected":false},"author":1,"featured_media":0,"parent":0,"menu_order":0,"comment_status":"closed","ping_status":"closed","template":"","meta":{"footnotes":""},"_links":{"self":[{"href":"https:\/\/saalto.fr\/de\/wp-json\/wp\/v2\/pages\/27"}],"collection":[{"href":"https:\/\/saalto.fr\/de\/wp-json\/wp\/v2\/pages"}],"about":[{"href":"https:\/\/saalto.fr\/de\/wp-json\/wp\/v2\/types\/page"}],"author":[{"embeddable":true,"href":"https:\/\/saalto.fr\/de\/wp-json\/wp\/v2\/users\/1"}],"replies":[{"embeddable":true,"href":"https:\/\/saalto.fr\/de\/wp-json\/wp\/v2\/comments?post=27"}],"version-history":[{"count":13,"href":"https:\/\/saalto.fr\/de\/wp-json\/wp\/v2\/pages\/27\/revisions"}],"predecessor-version":[{"id":119,"href":"https:\/\/saalto.fr\/de\/wp-json\/wp\/v2\/pages\/27\/revisions\/119"}],"wp:attachment":[{"href":"https:\/\/saalto.fr\/de\/wp-json\/wp\/v2\/media?parent=27"}],"curies":[{"name":"wp","href":"https:\/\/api.w.org\/{rel}","templated":true}]}}