{"id":2,"date":"2023-08-07T09:49:47","date_gmt":"2023-08-07T07:49:47","guid":{"rendered":"https:\/\/saalto.fr\/de\/?page_id=2"},"modified":"2023-08-16T10:41:36","modified_gmt":"2023-08-16T08:41:36","slug":"page-d-exemple","status":"publish","type":"page","link":"https:\/\/saalto.fr\/de\/","title":{"rendered":"Home"},"content":{"rendered":"\n<h2 class=\"wp-block-heading has-text-align-center has-text-color has-large-font-size\" style=\"color:#28274c\"><strong>NEU<\/strong><\/h2>\n\n\n\n<div class=\"wp-block-group alignfull has-background is-layout-flow wp-block-group-is-layout-flow\" style=\"background-color:#e6b122\"><div class=\"wp-block-group__inner-container\">\n<div class=\"wp-block-columns is-layout-flex wp-container-4 wp-block-columns-is-layout-flex\">\n<div class=\"wp-block-column is-vertically-aligned-center is-layout-flow wp-block-column-is-layout-flow\">\n<h2 class=\"wp-block-heading has-white-color has-text-color has-large-font-size\">SAALTO\u00ae<\/h2>\n\n\n\n<p class=\"has-white-color has-text-color\"><strong>Die Online-Plattform zur Lagerverwaltung f\u00fcr Kartoffeln SAALTO ist auf allen digitalen Medien (PC, Tablet und Smartphone) zug\u00e4nglich, \u00fcberall auf der Welt und zu jeder Zeit 24\/7.<\/strong><\/p>\n\n\n\n<div class=\"wp-block-buttons is-horizontal is-content-justification-left is-layout-flex wp-container-1 wp-block-buttons-is-layout-flex\">\n<div class=\"wp-block-button is-style-outline\"><a class=\"wp-block-button__link has-white-color has-text-color wp-element-button\" href=\"https:\/\/saalto.fr\/de\/saalto\/\">WEITERE INFORMATIONEN<\/a><\/div>\n<\/div>\n\n\n\n<p><\/p>\n<\/div>\n\n\n\n<div class=\"wp-block-column is-layout-flow wp-block-column-is-layout-flow\">\n<div style=\"height:48px\" aria-hidden=\"true\" class=\"wp-block-spacer\"><\/div>\n\n\n\n<figure class=\"wp-block-image alignwide size-large\"><img decoding=\"async\" src=\"https:\/\/saalto.fr\/wp-content\/uploads\/2023\/08\/Ordi-tablette-sans-fond-SITE-1024x583.png\" alt=\"\" class=\"wp-image-93\"\/><\/figure>\n<\/div>\n<\/div>\n<\/div><\/div>\n\n\n\n<div class=\"wp-block-group alignfull is-layout-flow wp-block-group-is-layout-flow\"><div class=\"wp-block-group__inner-container\">\n<div class=\"wp-block-columns are-vertically-aligned-center is-layout-flex wp-container-9 wp-block-columns-is-layout-flex\">\n<div class=\"wp-block-column is-vertically-aligned-center is-layout-flow wp-block-column-is-layout-flow\">\n<div style=\"height:48px\" aria-hidden=\"true\" class=\"wp-block-spacer\"><\/div>\n\n\n<div class=\"wp-block-image\">\n<figure class=\"aligncenter size-large\"><img decoding=\"async\" src=\"https:\/\/saalto.fr\/wp-content\/uploads\/2023\/08\/pomme-terre-table-1024x1024.png\" alt=\"\" class=\"wp-image-105\"\/><\/figure><\/div><\/div>\n\n\n\n<div class=\"wp-block-column is-vertically-aligned-center is-layout-flow wp-block-column-is-layout-flow\">\n<h2 class=\"wp-block-heading has-text-color has-large-font-size\" style=\"color:#28274c\">UNSERE L\u00d6SUNGEN<\/h2>\n\n\n\n<p class=\"has-text-color\" style=\"color:#28274c\"><strong>Entdecken Sie die L\u00f6sungen, die das SAALTO\u00ae-System bietet!<\/strong><\/p>\n\n\n\n<p class=\"has-text-color\" style=\"color:#28274c\"><strong>Zeit sparen, Ihre Lagerhaltung verwalten, Ihre gesamte Produktion aufwerten, Ihre R\u00fcckverfolgbarkeit sichern, Ihre CO2-Bilanz verbessern,\u2026<\/strong><\/p>\n\n\n\n<div class=\"wp-block-buttons is-layout-flex wp-block-buttons-is-layout-flex\">\n<div class=\"wp-block-button is-style-outline\"><a class=\"wp-block-button__link has-text-color wp-element-button\" href=\"https:\/\/saalto.fr\/de\/unsere-losungen\/\" style=\"color:#28274c\">WEITERE INFORMATIONEN<\/a><\/div>\n<\/div>\n<\/div>\n<\/div>\n<\/div><\/div>\n\n\n\n<div class=\"wp-block-group alignfull has-background is-layout-flow wp-block-group-is-layout-flow\" style=\"background-color:#28274c\"><div class=\"wp-block-group__inner-container\">\n<div class=\"wp-block-columns is-layout-flex wp-container-14 wp-block-columns-is-layout-flex\">\n<div class=\"wp-block-column is-vertically-aligned-center is-layout-flow wp-block-column-is-layout-flow\">\n<h2 class=\"wp-block-heading has-white-color has-text-color has-large-font-size\">UNSERE PROJEKTE NACH MASS<\/h2>\n\n\n\n<p class=\"has-white-color has-text-color\"><strong>Entdecken Sie unsere ma\u00dfgeschneiderten Projekte, die derzeit bei unseren verschiedenen Kunden in Betrieb sind!<\/strong><\/p>\n\n\n\n<div class=\"wp-block-buttons is-horizontal is-content-justification-left is-layout-flex wp-container-11 wp-block-buttons-is-layout-flex\">\n<div class=\"wp-block-button is-style-outline\"><a class=\"wp-block-button__link has-white-color has-text-color wp-element-button\" href=\"https:\/\/saalto.fr\/de\/unsere_massgeschneiderten_projekte\/\">WEITERE INFORMATIONEN<\/a><\/div>\n<\/div>\n\n\n\n<p><\/p>\n<\/div>\n\n\n\n<div class=\"wp-block-column is-layout-flow wp-block-column-is-layout-flow\">\n<div style=\"height:48px\" aria-hidden=\"true\" class=\"wp-block-spacer\"><\/div>\n\n\n\n<figure class=\"wp-block-image size-large\"><img decoding=\"async\" src=\"https:\/\/saalto.fr\/wp-content\/uploads\/2023\/08\/ACCUEIL-1024x577.jpg\" alt=\"\" class=\"wp-image-55\"\/><\/figure>\n<\/div>\n<\/div>\n<\/div><\/div>\n\n\n\n<div class=\"wp-block-group alignfull is-layout-flow wp-block-group-is-layout-flow\"><div class=\"wp-block-group__inner-container\">\n<div class=\"wp-block-columns are-vertically-aligned-center is-layout-flex wp-container-19 wp-block-columns-is-layout-flex\">\n<div class=\"wp-block-column is-vertically-aligned-center is-layout-flow wp-block-column-is-layout-flow\">\n<div style=\"height:48px\" aria-hidden=\"true\" class=\"wp-block-spacer\"><\/div>\n\n\n<div class=\"wp-block-image\">\n<figure class=\"aligncenter size-large\"><img decoding=\"async\" src=\"http:\/\/saalto.fr\/wp-content\/uploads\/2023\/08\/Plan-frigo-tablette-cariste-1024x532.jpg\" alt=\"\" class=\"wp-image-57\"\/><\/figure><\/div><\/div>\n\n\n\n<div class=\"wp-block-column is-vertically-aligned-center is-layout-flow wp-block-column-is-layout-flow\">\n<h2 class=\"wp-block-heading has-text-color has-large-font-size\" style=\"color:#e6b122\">UNSERE DIENSTE<\/h2>\n\n\n\n<p class=\"has-text-color\" style=\"color:#e6b122\"><strong>Entdecken Sie unseren technischen Online- und Vor-Ort-Support, unseren t\u00e4glichen Reporting-Service, unsere Skalierungsdienste, unsere pers\u00f6nliche Betreuung,\u2026<\/strong><\/p>\n\n\n\n<div class=\"wp-block-buttons is-layout-flex wp-block-buttons-is-layout-flex\">\n<div class=\"wp-block-button is-style-outline\"><a class=\"wp-block-button__link has-text-color wp-element-button\" href=\"https:\/\/saalto.fr\/de\/dienste\/\" style=\"color:#e6b122\">WEITERE INFORMATIONEN<\/a><\/div>\n<\/div>\n<\/div>\n<\/div>\n<\/div><\/div>\n\n\n\n<div class=\"wp-block-group alignfull has-background is-layout-flow wp-block-group-is-layout-flow\" style=\"background-color:#28274c\"><div class=\"wp-block-group__inner-container\">\n<div class=\"wp-block-cover alignfull is-light has-parallax is-position-center-center\" style=\"min-height:375px\"><span aria-hidden=\"true\" class=\"wp-block-cover__background has-black-background-color has-background-dim-40 has-background-dim\"><\/span><div role=\"img\" class=\"wp-block-cover__image-background wp-image-184 has-parallax\" style=\"background-position:50% 50%;background-image:url(https:\/\/saalto.fr\/wp-content\/uploads\/2023\/08\/mur-pallox.jpg)\"><\/div><div class=\"wp-block-cover__inner-container is-layout-flow wp-block-cover-is-layout-flow\">\n<p class=\"has-text-align-center has-text-color has-huge-font-size\" style=\"color:#fffffa;line-height:1.1\"><strong>Warten Sie nicht l\u00e4nger, sondern entdecken Sie SAALTO\u00ae!<\/strong><\/p>\n\n\n\n<div style=\"height:39px\" aria-hidden=\"true\" class=\"wp-block-spacer\"><\/div>\n\n\n\n<div class=\"wp-block-buttons is-horizontal is-content-justification-center is-layout-flex wp-container-21 wp-block-buttons-is-layout-flex\">\n<div class=\"wp-block-button is-style-outline\"><a class=\"wp-block-button__link has-white-color has-text-color wp-element-button\" href=\"https:\/\/saalto.fr\/de\/kontakt\/\">KONTAKTIEREN SIE UNS!<\/a><\/div>\n<\/div>\n<\/div><\/div>\n<\/div><\/div>\n\n\n\n<div style=\"height:100px\" aria-hidden=\"true\" class=\"wp-block-spacer\"><\/div>\n","protected":false},"excerpt":{"rendered":"<p>NEU SAALTO\u00ae Die Online-Plattform zur Lagerverwaltung f\u00fcr Kartoffeln SAALTO ist auf allen digitalen Medien (PC, Tablet und Smartphone) zug\u00e4nglich, \u00fcberall auf der Welt und zu jeder Zeit 24\/7. UNSERE L\u00d6SUNGEN Entdecken Sie die L\u00f6sungen, die das SAALTO\u00ae-System bietet! Zeit sparen, Ihre Lagerhaltung verwalten, Ihre gesamte Produktion aufwerten, Ihre R\u00fcckverfolgbarkeit sichern, Ihre CO2-Bilanz verbessern,\u2026 UNSERE PROJEKTE &hellip; <\/p>\n<p class=\"link-more\"><a href=\"https:\/\/saalto.fr\/de\/\" class=\"more-link\">Lire la suite de<span class=\"screen-reader-text\">\u00ab\u00a0Home\u00a0\u00bb<\/span><\/a><\/p>\n","protected":false},"author":1,"featured_media":0,"parent":0,"menu_order":0,"comment_status":"closed","ping_status":"open","template":"","meta":{"footnotes":""},"_links":{"self":[{"href":"https:\/\/saalto.fr\/de\/wp-json\/wp\/v2\/pages\/2"}],"collection":[{"href":"https:\/\/saalto.fr\/de\/wp-json\/wp\/v2\/pages"}],"about":[{"href":"https:\/\/saalto.fr\/de\/wp-json\/wp\/v2\/types\/page"}],"author":[{"embeddable":true,"href":"https:\/\/saalto.fr\/de\/wp-json\/wp\/v2\/users\/1"}],"replies":[{"embeddable":true,"href":"https:\/\/saalto.fr\/de\/wp-json\/wp\/v2\/comments?post=2"}],"version-history":[{"count":9,"href":"https:\/\/saalto.fr\/de\/wp-json\/wp\/v2\/pages\/2\/revisions"}],"predecessor-version":[{"id":89,"href":"https:\/\/saalto.fr\/de\/wp-json\/wp\/v2\/pages\/2\/revisions\/89"}],"wp:attachment":[{"href":"https:\/\/saalto.fr\/de\/wp-json\/wp\/v2\/media?parent=2"}],"curies":[{"name":"wp","href":"https:\/\/api.w.org\/{rel}","templated":true}]}}